{"id":18,"date":"2025-05-06T09:15:11","date_gmt":"2025-05-06T06:15:11","guid":{"rendered":"https:\/\/ascibaba.com.tr\/?page_id=18"},"modified":"2025-05-21T10:49:57","modified_gmt":"2025-05-21T07:49:57","slug":"18-2","status":"publish","type":"page","link":"https:\/\/ascibaba.com.tr\/","title":{"rendered":"Asc\u0131baba"},"content":{"rendered":"\n<figure class=\"wp-block-image size-full\"><img loading=\"lazy\" decoding=\"async\" width=\"877\" height=\"612\" src=\"https:\/\/ascibaba.com.tr\/wp-content\/uploads\/2025\/05\/beyazlogo.jpg\" alt=\"\" class=\"wp-image-6\" srcset=\"https:\/\/ascibaba.com.tr\/wp-content\/uploads\/2025\/05\/beyazlogo.jpg 877w, https:\/\/ascibaba.com.tr\/wp-content\/uploads\/2025\/05\/beyazlogo-300x209.jpg 300w, https:\/\/ascibaba.com.tr\/wp-content\/uploads\/2025\/05\/beyazlogo-768x536.jpg 768w\" sizes=\"auto, (max-width: 877px) 100vw, 877px\" \/><\/figure>\n\n\n\n<p class=\"has-text-align-center has-x-large-font-size\">Web sitemiz yap\u0131m a\u015famas\u0131ndad\u0131r&#8230;<\/p>\n\n\n\n<p><\/p>\n","protected":false},"excerpt":{"rendered":"<p>Web sitemiz yap\u0131m a\u015famas\u0131ndad\u0131r&#8230;<\/p>\n","protected":false},"author":1,"featured_media":0,"parent":0,"menu_order":0,"comment_status":"closed","ping_status":"closed","template":"blank","meta":{"footnotes":""},"class_list":["post-18","page","type-page","status-publish","hentry"],"_links":{"self":[{"href":"https:\/\/ascibaba.com.tr\/index.php\/wp-json\/wp\/v2\/pages\/18","targetHints":{"allow":["GET"]}}],"collection":[{"href":"https:\/\/ascibaba.com.tr\/index.php\/wp-json\/wp\/v2\/pages"}],"about":[{"href":"https:\/\/ascibaba.com.tr\/index.php\/wp-json\/wp\/v2\/types\/page"}],"author":[{"embeddable":true,"href":"https:\/\/ascibaba.com.tr\/index.php\/wp-json\/wp\/v2\/users\/1"}],"replies":[{"embeddable":true,"href":"https:\/\/ascibaba.com.tr\/index.php\/wp-json\/wp\/v2\/comments?post=18"}],"version-history":[{"count":8,"href":"https:\/\/ascibaba.com.tr\/index.php\/wp-json\/wp\/v2\/pages\/18\/revisions"}],"predecessor-version":[{"id":34,"href":"https:\/\/ascibaba.com.tr\/index.php\/wp-json\/wp\/v2\/pages\/18\/revisions\/34"}],"wp:attachment":[{"href":"https:\/\/ascibaba.com.tr\/index.php\/wp-json\/wp\/v2\/media?parent=18"}],"curies":[{"name":"wp","href":"https:\/\/api.w.org\/{rel}","templated":true}]}}